{"id":597,"date":"2020-08-21T06:28:12","date_gmt":"2020-08-21T06:28:12","guid":{"rendered":"https:\/\/innorious.tech\/urecetravel\/?page_id=597"},"modified":"2020-08-21T06:29:11","modified_gmt":"2020-08-21T06:29:11","slug":"politicas-de-uso","status":"publish","type":"page","link":"https:\/\/innorious.tech\/urecetravel\/politicas-de-uso\/","title":{"rendered":"POL\u00cdTICAS DE USO"},"content":{"rendered":"<p><strong>DATOS PERSONALES DE LOS CLIENTES Y MENORES DE EDAD<\/strong><\/p>\n<p>Velamos por la privacidad de los datos personales de nuestros clientes y de los menores de edad que usted desee proporcionarnos. En el caso de viajes con menores de edad usted deber\u00e1 de acreditar que cuenta con las facultades para ejercer legalmente la patria potestad, tutor\u00eda y\/o representaci\u00f3n legal del menor de edad y\/o menores de edad de que se traten, de conformidad con las reglas de representaci\u00f3n dispuestas en el C\u00f3digo Civil vigente en la Rep\u00fablica Dominicana; y queda entendido que usted nos otorga su consentimiento\u00a0 en calidad de. representante legal del menor de edad y\/o menores de edad, para que estos datos personales proporcionados a URECE TRAVEL, sean tratados de conformidad con el presente aviso de privacidad.<\/p>\n<p>Para tener por acreditada la representaci\u00f3n legal del menor, URECE TRAVEL podr\u00e1 solicitarle la documentaci\u00f3n comprobatoria en t\u00e9rminos de la legislaci\u00f3n de Rep\u00fablica Dominicana.<\/p>\n<p>&nbsp;<\/p>\n<p><strong>Datos personales de terceros<\/strong><\/p>\n<p>En caso de que usted proporcione datos personales de terceras personas, como pueden ser familiares, dependientes econ\u00f3micos y\/o cualquier otra persona que viaje o no en conjunto con usted y\/o se vea beneficiado de la relaci\u00f3n sostenida entre usted y URECE TRAVEL, EL CLIENTE manifiesta decir la verdad en las informaciones aportadas y que tiene el consentimientos de estos para proporcionarnos su informaci\u00f3n y que URECE TRAVEL trate sus datos de conformidad con el presente aviso de privacidad.<\/p>\n<p>&nbsp;<\/p>\n<p><strong>\u00bf<\/strong><strong>Que hacemos con su informaci<\/strong><strong>\u00f3<\/strong><strong>n?<\/strong><\/p>\n<p>Utilizamos principalmente la informaci\u00f3n para prestar a nuestros clientes los productos y servicios que ofrecemos y que ellos soliciten.<\/p>\n<p>-Confirmar su identificaci\u00f3n al tener acceso a nuestros servicios en l\u00ednea.<\/p>\n<p>-Proporcionarle informaci\u00f3n y asesor\u00eda sobre los servicios de viaje, tramitaci\u00f3n de visados, documentos legales y formularios.<\/p>\n<p>-Identificar y verificar los datos personales proporcionados.<\/p>\n<p>-Enviarle cotizaciones sobre los servicios de viaje solicitados; y dar seguimiento a las cotizaciones, reservaciones y\/o compra de los servicios.<\/p>\n<p>-Informarle sobre cambios en los servicios.<\/p>\n<p>-Atender dudas, quejas y sugerencias.<\/p>\n<p>-Generar nuestra base de datos y realizar la actualizaci\u00f3n de sus datos personales.<\/p>\n<p>-Emitir sus facturas y\/o comprobantes fiscales.<\/p>\n<p>-Realizar el cargo a su tarjeta de cr\u00e9dito de los servicios contratados.<\/p>\n<p>-Identificarlo por el pago de los servicios contratados.<\/p>\n<p>-Gestionar cualquier cambio o cancelaci\u00f3n a sus reservaciones.<\/p>\n<p>-Dar seguimiento y realizar pagos de reembolsos en los casos que aplique.<\/p>\n<p>-Dar seguimiento con fines de calidad en el servicio.<\/p>\n<p>-Para dar cumplimiento a la legislaci\u00f3n de Rep\u00fablica Dominicana y a requerimientos de autoridades nacionales e internacionales.<\/p>\n<p>-Generar informes estad\u00edsticos.<\/p>\n<p>-Informarle sobre promociones, eventos y sugerencias de viaje;<\/p>\n<p>-Realizar encuestas de evaluaci\u00f3n de calidad del servicio.<\/p>\n<p>La negativa de EL CLIENTE para el uso de sus datos (con excepci\u00f3n de los datos personales y financieros) no ser\u00e1 motivo para que le neguemos los productos y\/o servicios que contrata con nosotros.<\/p>\n<p>URECE TRAVEL podr\u00eda poner en contacto a trav\u00e9s de comunicaciones comerciales de productos y\/o servicios, ya sea por llamadas, e-mail, SMS, o cualquier otro m\u00e9todo de comunicaci\u00f3n electr\u00f3nico y, con fines comerciales por parte de URECE TRAVEL o por terceros en su nombre.<\/p>\n<p>&nbsp;<\/p>\n<p><strong>Sesi\u00f3n de Datos<\/strong><\/p>\n<p>URECE TRAVEL se abstendr\u00e1 de vender, arrendar o alquilar sus datos personales. Sin embargo, podremos transferir sus datos personales sin necesidad de solicitar su consentimiento con:<\/p>\n<p>-Los Proveedores de servicios (aerol\u00edneas, navieras,\u00a0 hoteles, arrendadoras, colaboradores, entre otros que intervenga en los servicios).<br \/>\n-Con empresas aseguradoras, en caso de que solicite la contrataci\u00f3n de alg\u00fan seguro ofertado.<br \/>\n-Podremos llegar a compartir sus datos personales con otras empresas del mismo grupo, as\u00ed como con subsidiarias, filiales, afiliadas, controladas o controladoras de URECE TRAVEL.<br \/>\n-Con las autoridades nacionales e internacionales, en cumplimiento a las obligaciones contempladas en la legislaci\u00f3n aplicable y\/o en cumplimiento a requerimientos por parte de estos.<\/p>\n<p>&nbsp;<\/p>\n","protected":false},"excerpt":{"rendered":"<p>DATOS PERSONALES DE LOS CLIENTES Y MENORES DE EDAD Velamos por la privacidad de los datos personales de nuestros clientes y de los menores de edad que usted desee proporcionarnos. En el caso de viajes con menores de edad usted deber\u00e1 de acreditar que cuenta con las facultades para ejercer legalmente la patria potestad, tutor\u00eda [&hellip;]<\/p>\n","protected":false},"author":2,"featured_media":0,"parent":0,"menu_order":0,"comment_status":"closed","ping_status":"closed","template":"global.php","meta":{"_acf_changed":false,"footnotes":""},"class_list":["post-597","page","type-page","status-publish","hentry"],"acf":[],"yoast_head":"<!-- This site is optimized with the Yoast SEO plugin v26.9 - https:\/\/yoast.com\/product\/yoast-seo-wordpress\/ -->\n<title>POL\u00cdTICAS DE USO - Urece Travel<\/title>\n<meta name=\"robots\" content=\"index, follow, max-snippet:-1, max-image-preview:large, max-video-preview:-1\" \/>\n<link rel=\"canonical\" href=\"https:\/\/innorious.tech\/urecetravel\/politicas-de-uso\/\" \/>\n<meta property=\"og:locale\" content=\"es_ES\" \/>\n<meta property=\"og:type\" content=\"article\" \/>\n<meta property=\"og:title\" content=\"POL\u00cdTICAS DE USO - Urece Travel\" \/>\n<meta property=\"og:description\" content=\"DATOS PERSONALES DE LOS CLIENTES Y MENORES DE EDAD Velamos por la privacidad de los datos personales de nuestros clientes y de los menores de edad que usted desee proporcionarnos. En el caso de viajes con menores de edad usted deber\u00e1 de acreditar que cuenta con las facultades para ejercer legalmente la patria potestad, tutor\u00eda [&hellip;]\" \/>\n<meta property=\"og:url\" content=\"https:\/\/innorious.tech\/urecetravel\/politicas-de-uso\/\" \/>\n<meta property=\"og:site_name\" content=\"Urece Travel\" \/>\n<meta property=\"article:modified_time\" content=\"2020-08-21T06:29:11+00:00\" \/>\n<meta name=\"twitter:card\" content=\"summary_large_image\" \/>\n<meta name=\"twitter:label1\" content=\"Tiempo de lectura\" \/>\n\t<meta name=\"twitter:data1\" content=\"3 minutos\" \/>\n<script type=\"application\/ld+json\" class=\"yoast-schema-graph\">{\"@context\":\"https:\/\/schema.org\",\"@graph\":[{\"@type\":\"WebPage\",\"@id\":\"https:\/\/innorious.tech\/urecetravel\/politicas-de-uso\/\",\"url\":\"https:\/\/innorious.tech\/urecetravel\/politicas-de-uso\/\",\"name\":\"POL\u00cdTICAS DE USO - Urece Travel\",\"isPartOf\":{\"@id\":\"https:\/\/innorious.tech\/urecetravel\/#website\"},\"datePublished\":\"2020-08-21T06:28:12+00:00\",\"dateModified\":\"2020-08-21T06:29:11+00:00\",\"breadcrumb\":{\"@id\":\"https:\/\/innorious.tech\/urecetravel\/politicas-de-uso\/#breadcrumb\"},\"inLanguage\":\"es\",\"potentialAction\":[{\"@type\":\"ReadAction\",\"target\":[\"https:\/\/innorious.tech\/urecetravel\/politicas-de-uso\/\"]}]},{\"@type\":\"BreadcrumbList\",\"@id\":\"https:\/\/innorious.tech\/urecetravel\/politicas-de-uso\/#breadcrumb\",\"itemListElement\":[{\"@type\":\"ListItem\",\"position\":1,\"name\":\"Portada\",\"item\":\"https:\/\/innorious.tech\/urecetravel\/\"},{\"@type\":\"ListItem\",\"position\":2,\"name\":\"POL\u00cdTICAS DE USO\"}]},{\"@type\":\"WebSite\",\"@id\":\"https:\/\/innorious.tech\/urecetravel\/#website\",\"url\":\"https:\/\/innorious.tech\/urecetravel\/\",\"name\":\"Urece Travel\",\"description\":\"\",\"potentialAction\":[{\"@type\":\"SearchAction\",\"target\":{\"@type\":\"EntryPoint\",\"urlTemplate\":\"https:\/\/innorious.tech\/urecetravel\/?s={search_term_string}\"},\"query-input\":{\"@type\":\"PropertyValueSpecification\",\"valueRequired\":true,\"valueName\":\"search_term_string\"}}],\"inLanguage\":\"es\"}]}<\/script>\n<!-- \/ Yoast SEO plugin. -->","yoast_head_json":{"title":"POL\u00cdTICAS DE USO - Urece Travel","robots":{"index":"index","follow":"follow","max-snippet":"max-snippet:-1","max-image-preview":"max-image-preview:large","max-video-preview":"max-video-preview:-1"},"canonical":"https:\/\/innorious.tech\/urecetravel\/politicas-de-uso\/","og_locale":"es_ES","og_type":"article","og_title":"POL\u00cdTICAS DE USO - Urece Travel","og_description":"DATOS PERSONALES DE LOS CLIENTES Y MENORES DE EDAD Velamos por la privacidad de los datos personales de nuestros clientes y de los menores de edad que usted desee proporcionarnos. En el caso de viajes con menores de edad usted deber\u00e1 de acreditar que cuenta con las facultades para ejercer legalmente la patria potestad, tutor\u00eda [&hellip;]","og_url":"https:\/\/innorious.tech\/urecetravel\/politicas-de-uso\/","og_site_name":"Urece Travel","article_modified_time":"2020-08-21T06:29:11+00:00","twitter_card":"summary_large_image","twitter_misc":{"Tiempo de lectura":"3 minutos"},"schema":{"@context":"https:\/\/schema.org","@graph":[{"@type":"WebPage","@id":"https:\/\/innorious.tech\/urecetravel\/politicas-de-uso\/","url":"https:\/\/innorious.tech\/urecetravel\/politicas-de-uso\/","name":"POL\u00cdTICAS DE USO - Urece Travel","isPartOf":{"@id":"https:\/\/innorious.tech\/urecetravel\/#website"},"datePublished":"2020-08-21T06:28:12+00:00","dateModified":"2020-08-21T06:29:11+00:00","breadcrumb":{"@id":"https:\/\/innorious.tech\/urecetravel\/politicas-de-uso\/#breadcrumb"},"inLanguage":"es","potentialAction":[{"@type":"ReadAction","target":["https:\/\/innorious.tech\/urecetravel\/politicas-de-uso\/"]}]},{"@type":"BreadcrumbList","@id":"https:\/\/innorious.tech\/urecetravel\/politicas-de-uso\/#breadcrumb","itemListElement":[{"@type":"ListItem","position":1,"name":"Portada","item":"https:\/\/innorious.tech\/urecetravel\/"},{"@type":"ListItem","position":2,"name":"POL\u00cdTICAS DE USO"}]},{"@type":"WebSite","@id":"https:\/\/innorious.tech\/urecetravel\/#website","url":"https:\/\/innorious.tech\/urecetravel\/","name":"Urece Travel","description":"","potentialAction":[{"@type":"SearchAction","target":{"@type":"EntryPoint","urlTemplate":"https:\/\/innorious.tech\/urecetravel\/?s={search_term_string}"},"query-input":{"@type":"PropertyValueSpecification","valueRequired":true,"valueName":"search_term_string"}}],"inLanguage":"es"}]}},"_links":{"self":[{"href":"https:\/\/innorious.tech\/urecetravel\/wp-json\/wp\/v2\/pages\/597","targetHints":{"allow":["GET"]}}],"collection":[{"href":"https:\/\/innorious.tech\/urecetravel\/wp-json\/wp\/v2\/pages"}],"about":[{"href":"https:\/\/innorious.tech\/urecetravel\/wp-json\/wp\/v2\/types\/page"}],"author":[{"embeddable":true,"href":"https:\/\/innorious.tech\/urecetravel\/wp-json\/wp\/v2\/users\/2"}],"replies":[{"embeddable":true,"href":"https:\/\/innorious.tech\/urecetravel\/wp-json\/wp\/v2\/comments?post=597"}],"version-history":[{"count":2,"href":"https:\/\/innorious.tech\/urecetravel\/wp-json\/wp\/v2\/pages\/597\/revisions"}],"predecessor-version":[{"id":600,"href":"https:\/\/innorious.tech\/urecetravel\/wp-json\/wp\/v2\/pages\/597\/revisions\/600"}],"wp:attachment":[{"href":"https:\/\/innorious.tech\/urecetravel\/wp-json\/wp\/v2\/media?parent=597"}],"curies":[{"name":"wp","href":"https:\/\/api.w.org\/{rel}","templated":true}]}}