{"id":259,"date":"2020-08-08T19:52:45","date_gmt":"2020-08-08T19:52:45","guid":{"rendered":"https:\/\/innorious.tech\/urecetravel\/terms-and-conditions\/"},"modified":"2020-08-21T06:36:15","modified_gmt":"2020-08-21T06:36:15","slug":"datos-de-uso","status":"publish","type":"page","link":"https:\/\/innorious.tech\/urecetravel\/datos-de-uso\/","title":{"rendered":"DATOS DE USO"},"content":{"rendered":"<p><strong>Uso de cookies<\/strong><\/p>\n<p>Urece Travel podr\u00e1 mediante la instalaci\u00f3n de\u00a0cookies, que pudieran ser propias o de terceros, en cualquier dispositivo utilizado (incluyendo los m\u00f3viles), recabar datos de manera electr\u00f3nica, al momento que usted hace contacto con nosotros a trav\u00e9s de nuestra p\u00e1gina de internet, como es la direcci\u00f3n IP que utiliza para conectarse, URL, sitios web visitados, <u>fecha<\/u> y hora de su \u00faltima conexi\u00f3n, p\u00e1ginas de internet desde la cual nos visita, acciones realizadas al visitar nuestra p\u00e1gina \u00a0y duraci\u00f3n de cada visita, esto con el prop\u00f3sito de que nuestros servidores le reconozcan y podamos ofrecerle una mejor experiencia de navegaci\u00f3n. Dichas informaciones, pueden ser utilizadas adem\u00e1s para personalizar las ofertas de servicios, comunicaciones y promociones dirigidas a nuestros clientes, teniendo en consideraci\u00f3n sus preferencias.<\/p>\n<p>&nbsp;<\/p>\n<p><strong>Desactivaci\u00f3n o eliminaci\u00f3<\/strong><strong>n de<\/strong><strong>\u00a0cookies <\/strong><\/p>\n<p>Los datos recabados antes mencionados, en ning\u00fan momento ser\u00e1n transferidos con terceros ajenos a nosotros. El cliente o usuario podr\u00e1, en cualquier momento, ejercer su derecho de desactivaci\u00f3n o eliminaci\u00f3n de cookies de la P\u00e1gina Web por distintas v\u00edas.<\/p>\n<p>&nbsp;<\/p>\n<p><strong>M<\/strong><strong>edidas de seguridad y control para la protecci\u00f3n de sus datos personales<\/strong><\/p>\n<p>URECE TRAVEL implementa medidas de seguridad administrativas, t\u00e9cnicas y f\u00edsicas para proteger sus datos personales, mismas que igualmente exigimos sean cumplidas por los proveedores de servicios que contratamos.<\/p>\n<p>&nbsp;<\/p>\n<p><strong>Cuenta, contrase\u00f1a y seguridad de miembros<\/strong><\/p>\n<p>URECE TRAVEL solicitara que el cliente cree una cuenta de usuario y\/o una contrase\u00f1a para acceder a ciertos servicios. En esos casos, es responsabilidad de EL CLIENTE mantener la confidencialidad de su cuenta y contrase\u00f1a. Asimismo, el cliente es totalmente responsable de todas y cada una de las actividades que se lleven a cabo en su cuenta. El cliente acepta notificar a URECE TRAVEL de inmediato cualquier uso no autorizado de su cuenta o cualquier otra violaci\u00f3n a la seguridad que se produzca en ella. URECE TRAVEL no responder\u00e1 de ninguna p\u00e9rdida en la que el cliente incurra a consecuencia del uso de su contrase\u00f1a o cuenta por parte de un tercero con su conocimiento o sin \u00e9l. No obstante, el cliente podr\u00eda ser responsabilizado de las p\u00e9rdidas que sufra URECE TRAVEL o un tercero a causa del uso de su cuenta o contrase\u00f1a por parte de otra persona. Est\u00e1 prohibido el uso de la cuenta de otro usuario en cualquier momento, sin la autorizaci\u00f3n del titular de la cuenta.<\/p>\n<p>&nbsp;<\/p>\n<p><strong>Enlaces a otros sitios web a trav<\/strong><strong>\u00e9<\/strong><strong>s de nuestro portal de internet<\/strong><\/p>\n<p>Nuestro portal de internet podr\u00eda contener links o enlace a otros sitios web. Por esta raz\u00f3n URECE TRAVEL le informa que no es responsable de el uso de informaci\u00f3n y manejo de la pol\u00edtica de privacidad de los mismos, por ello no garantiza ni se hace responsable del contenido en esos sitios ni de la informaci\u00f3n que usted proporcione a trav\u00e9s de los mismos. Le recomendamos ser precavido en cada uno de los sitios que visita en internet, y sea cuidadoso antes de proporcionar sus datos personales.<\/p>\n<p>&nbsp;<\/p>\n<p><strong>CONSENTIMIENTO EXPRESO<\/strong><\/p>\n<p>El cliente otorga su consentimiento para que los datos por \u00e9l facilitados a LA AGENCIA URECE TRAVEL SRL en el marco del o los servicios provistos, sean igualmente utilizados por \u00e9sta para las finalidades anteriormente mencionadas.<\/p>\n<p>&nbsp;<\/p>\n<p><strong>Modificaciones al Aviso de Privacidad<\/strong><\/p>\n<p>En caso de actualizaci\u00f3n o modificaci\u00f3n a nuestras pol\u00edticas de privacidad lo informaremos a trav\u00e9s de nuestro Portal (<a href=\"http:\/\/www.urecetravel.com\">www.urecetravel.com<\/a>).<\/p>\n<p>&nbsp;<\/p>\n<p><strong>Fecha de <\/strong><strong>\u00fa<\/strong><strong>ltima actualizaci\u00f3<\/strong><strong>n: <\/strong><strong>01\/01\/2020.<\/strong><\/p>\n<p>&nbsp;<\/p>\n<p>&nbsp;<\/p>\n","protected":false},"excerpt":{"rendered":"<p>Uso de cookies Urece Travel podr\u00e1 mediante la instalaci\u00f3n de\u00a0cookies, que pudieran ser propias o de terceros, en cualquier dispositivo utilizado (incluyendo los m\u00f3viles), recabar datos de manera electr\u00f3nica, al momento que usted hace contacto con nosotros a trav\u00e9s de nuestra p\u00e1gina de internet, como es la direcci\u00f3n IP que utiliza para conectarse, URL, sitios [&hellip;]<\/p>\n","protected":false},"author":2,"featured_media":0,"parent":0,"menu_order":0,"comment_status":"closed","ping_status":"closed","template":"","meta":{"_acf_changed":false,"footnotes":""},"class_list":["post-259","page","type-page","status-publish","hentry"],"acf":[],"yoast_head":"<!-- This site is optimized with the Yoast SEO plugin v26.9 - https:\/\/yoast.com\/product\/yoast-seo-wordpress\/ -->\n<title>DATOS DE USO - Urece Travel<\/title>\n<meta name=\"robots\" content=\"index, follow, max-snippet:-1, max-image-preview:large, max-video-preview:-1\" \/>\n<link rel=\"canonical\" href=\"https:\/\/innorious.tech\/urecetravel\/datos-de-uso\/\" \/>\n<meta property=\"og:locale\" content=\"es_ES\" \/>\n<meta property=\"og:type\" content=\"article\" \/>\n<meta property=\"og:title\" content=\"DATOS DE USO - Urece Travel\" \/>\n<meta property=\"og:description\" content=\"Uso de cookies Urece Travel podr\u00e1 mediante la instalaci\u00f3n de\u00a0cookies, que pudieran ser propias o de terceros, en cualquier dispositivo utilizado (incluyendo los m\u00f3viles), recabar datos de manera electr\u00f3nica, al momento que usted hace contacto con nosotros a trav\u00e9s de nuestra p\u00e1gina de internet, como es la direcci\u00f3n IP que utiliza para conectarse, URL, sitios [&hellip;]\" \/>\n<meta property=\"og:url\" content=\"https:\/\/innorious.tech\/urecetravel\/datos-de-uso\/\" \/>\n<meta property=\"og:site_name\" content=\"Urece Travel\" \/>\n<meta property=\"article:modified_time\" content=\"2020-08-21T06:36:15+00:00\" \/>\n<meta name=\"twitter:card\" content=\"summary_large_image\" \/>\n<meta name=\"twitter:label1\" content=\"Tiempo de lectura\" \/>\n\t<meta name=\"twitter:data1\" content=\"3 minutos\" \/>\n<script type=\"application\/ld+json\" class=\"yoast-schema-graph\">{\"@context\":\"https:\/\/schema.org\",\"@graph\":[{\"@type\":\"WebPage\",\"@id\":\"https:\/\/innorious.tech\/urecetravel\/datos-de-uso\/\",\"url\":\"https:\/\/innorious.tech\/urecetravel\/datos-de-uso\/\",\"name\":\"DATOS DE USO - Urece Travel\",\"isPartOf\":{\"@id\":\"https:\/\/innorious.tech\/urecetravel\/#website\"},\"datePublished\":\"2020-08-08T19:52:45+00:00\",\"dateModified\":\"2020-08-21T06:36:15+00:00\",\"breadcrumb\":{\"@id\":\"https:\/\/innorious.tech\/urecetravel\/datos-de-uso\/#breadcrumb\"},\"inLanguage\":\"es\",\"potentialAction\":[{\"@type\":\"ReadAction\",\"target\":[\"https:\/\/innorious.tech\/urecetravel\/datos-de-uso\/\"]}]},{\"@type\":\"BreadcrumbList\",\"@id\":\"https:\/\/innorious.tech\/urecetravel\/datos-de-uso\/#breadcrumb\",\"itemListElement\":[{\"@type\":\"ListItem\",\"position\":1,\"name\":\"Portada\",\"item\":\"https:\/\/innorious.tech\/urecetravel\/\"},{\"@type\":\"ListItem\",\"position\":2,\"name\":\"DATOS DE USO\"}]},{\"@type\":\"WebSite\",\"@id\":\"https:\/\/innorious.tech\/urecetravel\/#website\",\"url\":\"https:\/\/innorious.tech\/urecetravel\/\",\"name\":\"Urece Travel\",\"description\":\"\",\"potentialAction\":[{\"@type\":\"SearchAction\",\"target\":{\"@type\":\"EntryPoint\",\"urlTemplate\":\"https:\/\/innorious.tech\/urecetravel\/?s={search_term_string}\"},\"query-input\":{\"@type\":\"PropertyValueSpecification\",\"valueRequired\":true,\"valueName\":\"search_term_string\"}}],\"inLanguage\":\"es\"}]}<\/script>\n<!-- \/ Yoast SEO plugin. -->","yoast_head_json":{"title":"DATOS DE USO - Urece Travel","robots":{"index":"index","follow":"follow","max-snippet":"max-snippet:-1","max-image-preview":"max-image-preview:large","max-video-preview":"max-video-preview:-1"},"canonical":"https:\/\/innorious.tech\/urecetravel\/datos-de-uso\/","og_locale":"es_ES","og_type":"article","og_title":"DATOS DE USO - Urece Travel","og_description":"Uso de cookies Urece Travel podr\u00e1 mediante la instalaci\u00f3n de\u00a0cookies, que pudieran ser propias o de terceros, en cualquier dispositivo utilizado (incluyendo los m\u00f3viles), recabar datos de manera electr\u00f3nica, al momento que usted hace contacto con nosotros a trav\u00e9s de nuestra p\u00e1gina de internet, como es la direcci\u00f3n IP que utiliza para conectarse, URL, sitios [&hellip;]","og_url":"https:\/\/innorious.tech\/urecetravel\/datos-de-uso\/","og_site_name":"Urece Travel","article_modified_time":"2020-08-21T06:36:15+00:00","twitter_card":"summary_large_image","twitter_misc":{"Tiempo de lectura":"3 minutos"},"schema":{"@context":"https:\/\/schema.org","@graph":[{"@type":"WebPage","@id":"https:\/\/innorious.tech\/urecetravel\/datos-de-uso\/","url":"https:\/\/innorious.tech\/urecetravel\/datos-de-uso\/","name":"DATOS DE USO - Urece Travel","isPartOf":{"@id":"https:\/\/innorious.tech\/urecetravel\/#website"},"datePublished":"2020-08-08T19:52:45+00:00","dateModified":"2020-08-21T06:36:15+00:00","breadcrumb":{"@id":"https:\/\/innorious.tech\/urecetravel\/datos-de-uso\/#breadcrumb"},"inLanguage":"es","potentialAction":[{"@type":"ReadAction","target":["https:\/\/innorious.tech\/urecetravel\/datos-de-uso\/"]}]},{"@type":"BreadcrumbList","@id":"https:\/\/innorious.tech\/urecetravel\/datos-de-uso\/#breadcrumb","itemListElement":[{"@type":"ListItem","position":1,"name":"Portada","item":"https:\/\/innorious.tech\/urecetravel\/"},{"@type":"ListItem","position":2,"name":"DATOS DE USO"}]},{"@type":"WebSite","@id":"https:\/\/innorious.tech\/urecetravel\/#website","url":"https:\/\/innorious.tech\/urecetravel\/","name":"Urece Travel","description":"","potentialAction":[{"@type":"SearchAction","target":{"@type":"EntryPoint","urlTemplate":"https:\/\/innorious.tech\/urecetravel\/?s={search_term_string}"},"query-input":{"@type":"PropertyValueSpecification","valueRequired":true,"valueName":"search_term_string"}}],"inLanguage":"es"}]}},"_links":{"self":[{"href":"https:\/\/innorious.tech\/urecetravel\/wp-json\/wp\/v2\/pages\/259","targetHints":{"allow":["GET"]}}],"collection":[{"href":"https:\/\/innorious.tech\/urecetravel\/wp-json\/wp\/v2\/pages"}],"about":[{"href":"https:\/\/innorious.tech\/urecetravel\/wp-json\/wp\/v2\/types\/page"}],"author":[{"embeddable":true,"href":"https:\/\/innorious.tech\/urecetravel\/wp-json\/wp\/v2\/users\/2"}],"replies":[{"embeddable":true,"href":"https:\/\/innorious.tech\/urecetravel\/wp-json\/wp\/v2\/comments?post=259"}],"version-history":[{"count":3,"href":"https:\/\/innorious.tech\/urecetravel\/wp-json\/wp\/v2\/pages\/259\/revisions"}],"predecessor-version":[{"id":604,"href":"https:\/\/innorious.tech\/urecetravel\/wp-json\/wp\/v2\/pages\/259\/revisions\/604"}],"wp:attachment":[{"href":"https:\/\/innorious.tech\/urecetravel\/wp-json\/wp\/v2\/media?parent=259"}],"curies":[{"name":"wp","href":"https:\/\/api.w.org\/{rel}","templated":true}]}}