{"id":12,"date":"2019-10-14T15:41:57","date_gmt":"2019-10-14T15:41:57","guid":{"rendered":"https:\/\/innorious.tech\/urecetravel\/?page_id=12"},"modified":"2020-08-13T05:46:58","modified_gmt":"2020-08-13T05:46:58","slug":"nosotros","status":"publish","type":"page","link":"https:\/\/innorious.tech\/urecetravel\/nosotros\/","title":{"rendered":"NOSOTROS"},"content":{"rendered":"<p><img loading=\"lazy\" decoding=\"async\" class=\"wp-image-32 alignleft mx-5 my-5\" role=\"img\" src=\"https:\/\/innorious.tech\/urecetravel\/wp-content\/uploads\/2020\/08\/logo-ut.svg\" alt=\"\" width=\"412\" height=\"217\" \/><\/p>\n<p>Somos una Agencia de Viajes y Tours Operadora fundada en Santo Domingo por el <strong>LIC. CONFESOR CEPEDA URE\u00d1A<\/strong> en el a\u00f1o 2001. Nacimos para cubrir las necesidades de los viajeros ofreci\u00e9ndoles una opci\u00f3n de calidad y buen servicio.<\/p>\n<p>Somos miembros de la Asociaci\u00f3n Internacional de Transporte A\u00e9reo (IATA) desde el a\u00f1o 2003, lo que nos permite ofrecer a nuestros clientes las mejores tarifas en el menor tiempo posible.<\/p>\n<p>Hemos participado en diversos eventos nacionales e internacionales como son La Cumbre, The Am\u00e9ricas Travel Industry Summit, ExpoBizz, La Bolsa Tur\u00edstica del Caribe y The IBTM World Barcelona.<\/p>\n<p>Como empresa hemos sido galardonados con los premios <b>THE BIZZ AWARDS DOMINICANA<\/b> en el a\u00f1o 2009 y <b>THE PEAK OF SUCCESS AWARDS BY THE BIZZ AWARDS<\/b> en el a\u00f1o 2011.<\/p>\n<p>&nbsp;<\/p>\n<h2 class=\"nav-title\">Somos miembros de:<\/h2>\n<p>&nbsp;<\/p>\n<div class=\"col-sm-12\">\n<div class=\"row\">\n<div class=\"col-sm-12 col-md-5\">\n<img loading=\"lazy\" decoding=\"async\" src=\"https:\/\/innorious.tech\/urecetravel\/wp-content\/uploads\/2020\/08\/logo-adavit.png\" alt=\"\" width=\"398\" height=\"130\" class=\"alignleft size-full wp-image-301\" style=\"margin-bottom: 30px;\" \/>\n<\/div>\n<div class=\"col-sm-12 col-md-7\">\n<div class=\"row\">\n<div class=\"col-sm-12 col-md-4\">\n<img loading=\"lazy\" decoding=\"async\" src=\"https:\/\/innorious.tech\/urecetravel\/wp-content\/uploads\/2020\/08\/logo-adotur.png\" alt=\"\" width=\"130\" height=\"130\" class=\"alignleft size-medium wp-image-296\" srcset=\"https:\/\/innorious.tech\/urecetravel\/wp-content\/uploads\/2020\/08\/logo-adotur.png 141w, https:\/\/innorious.tech\/urecetravel\/wp-content\/uploads\/2020\/08\/logo-adotur-100x100.png 100w\" sizes=\"auto, (max-width: 130px) 100vw, 130px\" \/>\n<\/div>\n<div class=\"col-sm-12 col-md-4\">\n<img loading=\"lazy\" decoding=\"async\" src=\"https:\/\/innorious.tech\/urecetravel\/wp-content\/uploads\/2020\/08\/logo-asonahores.png\" alt=\"\" width=\"141\" height=\"141\" class=\"alignleft size-medium wp-image-297\" srcset=\"https:\/\/innorious.tech\/urecetravel\/wp-content\/uploads\/2020\/08\/logo-asonahores.png 141w, https:\/\/innorious.tech\/urecetravel\/wp-content\/uploads\/2020\/08\/logo-asonahores-100x100.png 100w\" sizes=\"auto, (max-width: 141px) 100vw, 141px\" \/>\n<\/div>\n<div class=\"col-sm-12 col-md-4\">\n<img loading=\"lazy\" decoding=\"async\" src=\"https:\/\/innorious.tech\/urecetravel\/wp-content\/uploads\/2020\/08\/logo-iata.png\" alt=\"\" width=\"141\" height=\"141\" class=\"alignleft size-full wp-image-298\" srcset=\"https:\/\/innorious.tech\/urecetravel\/wp-content\/uploads\/2020\/08\/logo-iata.png 141w, https:\/\/innorious.tech\/urecetravel\/wp-content\/uploads\/2020\/08\/logo-iata-100x100.png 100w\" sizes=\"auto, (max-width: 141px) 100vw, 141px\" \/>\n<\/div>\n<\/div>\n<\/div>\n<\/div>\n<\/div>\n","protected":false},"excerpt":{"rendered":"<p>Somos una Agencia de Viajes y Tours Operadora fundada en Santo Domingo por el LIC. CONFESOR CEPEDA URE\u00d1A en el a\u00f1o 2001. Nacimos para cubrir las necesidades de los viajeros ofreci\u00e9ndoles una opci\u00f3n de calidad y buen servicio. Somos miembros de la Asociaci\u00f3n Internacional de Transporte A\u00e9reo (IATA) desde el a\u00f1o 2003, lo que nos [&hellip;]<\/p>\n","protected":false},"author":2,"featured_media":0,"parent":0,"menu_order":0,"comment_status":"closed","ping_status":"closed","template":"about.php","meta":{"_acf_changed":false,"footnotes":""},"class_list":["post-12","page","type-page","status-publish","hentry"],"acf":[],"yoast_head":"<!-- This site is optimized with the Yoast SEO plugin v26.9 - https:\/\/yoast.com\/product\/yoast-seo-wordpress\/ -->\n<title>NOSOTROS - Urece Travel<\/title>\n<meta name=\"robots\" content=\"index, follow, max-snippet:-1, max-image-preview:large, max-video-preview:-1\" \/>\n<link rel=\"canonical\" href=\"https:\/\/innorious.tech\/urecetravel\/nosotros\/\" \/>\n<meta property=\"og:locale\" content=\"es_ES\" \/>\n<meta property=\"og:type\" content=\"article\" \/>\n<meta property=\"og:title\" content=\"NOSOTROS - Urece Travel\" \/>\n<meta property=\"og:description\" content=\"Somos una Agencia de Viajes y Tours Operadora fundada en Santo Domingo por el LIC. CONFESOR CEPEDA URE\u00d1A en el a\u00f1o 2001. Nacimos para cubrir las necesidades de los viajeros ofreci\u00e9ndoles una opci\u00f3n de calidad y buen servicio. Somos miembros de la Asociaci\u00f3n Internacional de Transporte A\u00e9reo (IATA) desde el a\u00f1o 2003, lo que nos [&hellip;]\" \/>\n<meta property=\"og:url\" content=\"https:\/\/innorious.tech\/urecetravel\/nosotros\/\" \/>\n<meta property=\"og:site_name\" content=\"Urece Travel\" \/>\n<meta property=\"article:modified_time\" content=\"2020-08-13T05:46:58+00:00\" \/>\n<meta property=\"og:image\" content=\"https:\/\/innorious.tech\/urecetravel\/wp-content\/uploads\/2020\/08\/logo-ut.svg\" \/>\n<meta name=\"twitter:card\" content=\"summary_large_image\" \/>\n<meta name=\"twitter:label1\" content=\"Tiempo de lectura\" \/>\n\t<meta name=\"twitter:data1\" content=\"1 minuto\" \/>\n<script type=\"application\/ld+json\" class=\"yoast-schema-graph\">{\"@context\":\"https:\/\/schema.org\",\"@graph\":[{\"@type\":\"WebPage\",\"@id\":\"https:\/\/innorious.tech\/urecetravel\/nosotros\/\",\"url\":\"https:\/\/innorious.tech\/urecetravel\/nosotros\/\",\"name\":\"NOSOTROS - Urece Travel\",\"isPartOf\":{\"@id\":\"https:\/\/innorious.tech\/urecetravel\/#website\"},\"primaryImageOfPage\":{\"@id\":\"https:\/\/innorious.tech\/urecetravel\/nosotros\/#primaryimage\"},\"image\":{\"@id\":\"https:\/\/innorious.tech\/urecetravel\/nosotros\/#primaryimage\"},\"thumbnailUrl\":\"https:\/\/innorious.tech\/urecetravel\/wp-content\/uploads\/2020\/08\/logo-ut.svg\",\"datePublished\":\"2019-10-14T15:41:57+00:00\",\"dateModified\":\"2020-08-13T05:46:58+00:00\",\"breadcrumb\":{\"@id\":\"https:\/\/innorious.tech\/urecetravel\/nosotros\/#breadcrumb\"},\"inLanguage\":\"es\",\"potentialAction\":[{\"@type\":\"ReadAction\",\"target\":[\"https:\/\/innorious.tech\/urecetravel\/nosotros\/\"]}]},{\"@type\":\"ImageObject\",\"inLanguage\":\"es\",\"@id\":\"https:\/\/innorious.tech\/urecetravel\/nosotros\/#primaryimage\",\"url\":\"https:\/\/innorious.tech\/urecetravel\/wp-content\/uploads\/2020\/08\/logo-ut.svg\",\"contentUrl\":\"https:\/\/innorious.tech\/urecetravel\/wp-content\/uploads\/2020\/08\/logo-ut.svg\",\"width\":521,\"height\":250},{\"@type\":\"BreadcrumbList\",\"@id\":\"https:\/\/innorious.tech\/urecetravel\/nosotros\/#breadcrumb\",\"itemListElement\":[{\"@type\":\"ListItem\",\"position\":1,\"name\":\"Portada\",\"item\":\"https:\/\/innorious.tech\/urecetravel\/\"},{\"@type\":\"ListItem\",\"position\":2,\"name\":\"NOSOTROS\"}]},{\"@type\":\"WebSite\",\"@id\":\"https:\/\/innorious.tech\/urecetravel\/#website\",\"url\":\"https:\/\/innorious.tech\/urecetravel\/\",\"name\":\"Urece Travel\",\"description\":\"\",\"potentialAction\":[{\"@type\":\"SearchAction\",\"target\":{\"@type\":\"EntryPoint\",\"urlTemplate\":\"https:\/\/innorious.tech\/urecetravel\/?s={search_term_string}\"},\"query-input\":{\"@type\":\"PropertyValueSpecification\",\"valueRequired\":true,\"valueName\":\"search_term_string\"}}],\"inLanguage\":\"es\"}]}<\/script>\n<!-- \/ Yoast SEO plugin. -->","yoast_head_json":{"title":"NOSOTROS - Urece Travel","robots":{"index":"index","follow":"follow","max-snippet":"max-snippet:-1","max-image-preview":"max-image-preview:large","max-video-preview":"max-video-preview:-1"},"canonical":"https:\/\/innorious.tech\/urecetravel\/nosotros\/","og_locale":"es_ES","og_type":"article","og_title":"NOSOTROS - Urece Travel","og_description":"Somos una Agencia de Viajes y Tours Operadora fundada en Santo Domingo por el LIC. CONFESOR CEPEDA URE\u00d1A en el a\u00f1o 2001. Nacimos para cubrir las necesidades de los viajeros ofreci\u00e9ndoles una opci\u00f3n de calidad y buen servicio. Somos miembros de la Asociaci\u00f3n Internacional de Transporte A\u00e9reo (IATA) desde el a\u00f1o 2003, lo que nos [&hellip;]","og_url":"https:\/\/innorious.tech\/urecetravel\/nosotros\/","og_site_name":"Urece Travel","article_modified_time":"2020-08-13T05:46:58+00:00","og_image":[{"url":"https:\/\/innorious.tech\/urecetravel\/wp-content\/uploads\/2020\/08\/logo-ut.svg","type":"","width":"","height":""}],"twitter_card":"summary_large_image","twitter_misc":{"Tiempo de lectura":"1 minuto"},"schema":{"@context":"https:\/\/schema.org","@graph":[{"@type":"WebPage","@id":"https:\/\/innorious.tech\/urecetravel\/nosotros\/","url":"https:\/\/innorious.tech\/urecetravel\/nosotros\/","name":"NOSOTROS - Urece Travel","isPartOf":{"@id":"https:\/\/innorious.tech\/urecetravel\/#website"},"primaryImageOfPage":{"@id":"https:\/\/innorious.tech\/urecetravel\/nosotros\/#primaryimage"},"image":{"@id":"https:\/\/innorious.tech\/urecetravel\/nosotros\/#primaryimage"},"thumbnailUrl":"https:\/\/innorious.tech\/urecetravel\/wp-content\/uploads\/2020\/08\/logo-ut.svg","datePublished":"2019-10-14T15:41:57+00:00","dateModified":"2020-08-13T05:46:58+00:00","breadcrumb":{"@id":"https:\/\/innorious.tech\/urecetravel\/nosotros\/#breadcrumb"},"inLanguage":"es","potentialAction":[{"@type":"ReadAction","target":["https:\/\/innorious.tech\/urecetravel\/nosotros\/"]}]},{"@type":"ImageObject","inLanguage":"es","@id":"https:\/\/innorious.tech\/urecetravel\/nosotros\/#primaryimage","url":"https:\/\/innorious.tech\/urecetravel\/wp-content\/uploads\/2020\/08\/logo-ut.svg","contentUrl":"https:\/\/innorious.tech\/urecetravel\/wp-content\/uploads\/2020\/08\/logo-ut.svg","width":521,"height":250},{"@type":"BreadcrumbList","@id":"https:\/\/innorious.tech\/urecetravel\/nosotros\/#breadcrumb","itemListElement":[{"@type":"ListItem","position":1,"name":"Portada","item":"https:\/\/innorious.tech\/urecetravel\/"},{"@type":"ListItem","position":2,"name":"NOSOTROS"}]},{"@type":"WebSite","@id":"https:\/\/innorious.tech\/urecetravel\/#website","url":"https:\/\/innorious.tech\/urecetravel\/","name":"Urece Travel","description":"","potentialAction":[{"@type":"SearchAction","target":{"@type":"EntryPoint","urlTemplate":"https:\/\/innorious.tech\/urecetravel\/?s={search_term_string}"},"query-input":{"@type":"PropertyValueSpecification","valueRequired":true,"valueName":"search_term_string"}}],"inLanguage":"es"}]}},"_links":{"self":[{"href":"https:\/\/innorious.tech\/urecetravel\/wp-json\/wp\/v2\/pages\/12","targetHints":{"allow":["GET"]}}],"collection":[{"href":"https:\/\/innorious.tech\/urecetravel\/wp-json\/wp\/v2\/pages"}],"about":[{"href":"https:\/\/innorious.tech\/urecetravel\/wp-json\/wp\/v2\/types\/page"}],"author":[{"embeddable":true,"href":"https:\/\/innorious.tech\/urecetravel\/wp-json\/wp\/v2\/users\/2"}],"replies":[{"embeddable":true,"href":"https:\/\/innorious.tech\/urecetravel\/wp-json\/wp\/v2\/comments?post=12"}],"version-history":[{"count":6,"href":"https:\/\/innorious.tech\/urecetravel\/wp-json\/wp\/v2\/pages\/12\/revisions"}],"predecessor-version":[{"id":362,"href":"https:\/\/innorious.tech\/urecetravel\/wp-json\/wp\/v2\/pages\/12\/revisions\/362"}],"wp:attachment":[{"href":"https:\/\/innorious.tech\/urecetravel\/wp-json\/wp\/v2\/media?parent=12"}],"curies":[{"name":"wp","href":"https:\/\/api.w.org\/{rel}","templated":true}]}}